{"id":63,"date":"2021-02-05T21:18:35","date_gmt":"2021-02-05T21:18:35","guid":{"rendered":"https:\/\/threedee.dk\/?page_id=63"},"modified":"2025-06-01T19:47:31","modified_gmt":"2025-06-01T19:47:31","slug":"kontakt","status":"publish","type":"page","link":"https:\/\/threedee.dk\/?page_id=63","title":{"rendered":"Kontakt"},"content":{"rendered":"\n<div class=\"wp-block-columns is-layout-flex wp-container-core-columns-is-layout-9d6595d7 wp-block-columns-is-layout-flex\">\n<div class=\"wp-block-column is-layout-flow wp-block-column-is-layout-flow\" style=\"flex-basis:25%\">\n<figure class=\"wp-block-image size-large\"><img loading=\"lazy\" decoding=\"async\" width=\"1024\" height=\"1024\" src=\"https:\/\/threedee.dk\/wp-content\/uploads\/2022\/02\/IMG_20220214_010758_1-2-1024x1024.png\" alt=\"\" class=\"wp-image-688\" srcset=\"https:\/\/threedee.dk\/wp-content\/uploads\/2022\/02\/IMG_20220214_010758_1-2-1024x1024.png 1024w, https:\/\/threedee.dk\/wp-content\/uploads\/2022\/02\/IMG_20220214_010758_1-2-300x300.png 300w, https:\/\/threedee.dk\/wp-content\/uploads\/2022\/02\/IMG_20220214_010758_1-2-150x150.png 150w, https:\/\/threedee.dk\/wp-content\/uploads\/2022\/02\/IMG_20220214_010758_1-2-768x768.png 768w, https:\/\/threedee.dk\/wp-content\/uploads\/2022\/02\/IMG_20220214_010758_1-2-1536x1536.png 1536w, https:\/\/threedee.dk\/wp-content\/uploads\/2022\/02\/IMG_20220214_010758_1-2-2048x2048.png 2048w, https:\/\/threedee.dk\/wp-content\/uploads\/2022\/02\/IMG_20220214_010758_1-2-1222x1222.png 1222w, https:\/\/threedee.dk\/wp-content\/uploads\/2022\/02\/IMG_20220214_010758_1-2-922x922.png 922w, https:\/\/threedee.dk\/wp-content\/uploads\/2022\/02\/IMG_20220214_010758_1-2-360x360.png 360w, https:\/\/threedee.dk\/wp-content\/uploads\/2022\/02\/IMG_20220214_010758_1-2-600x600.png 600w, https:\/\/threedee.dk\/wp-content\/uploads\/2022\/02\/IMG_20220214_010758_1-2-100x100.png 100w\" sizes=\"(max-width: 1024px) 100vw, 1024px\" \/><\/figure>\n<\/div>\n\n\n\n<div class=\"wp-block-column is-layout-flow wp-block-column-is-layout-flow\" style=\"flex-basis:50%\">\n<p style=\"font-size:14px\">Du er velkommen til at skrive til mig p\u00e5 ThreeDees officielle mailadresse her <a href=\"mailto:kontakt@threedee.dk\">kontakt@threedee.dk<\/a>, s\u00e5 vender jeg tilbage, n\u00e5r jeg har et fornuftigt svar at give dig \ud83d\ude42 <br>\/Stefan<\/p>\n\n\n<div class=\"wp-block-image\">\n<figure class=\"aligncenter size-medium is-resized\"><img loading=\"lazy\" decoding=\"async\" width=\"300\" height=\"300\" src=\"https:\/\/threedee.dk\/wp-content\/uploads\/2022\/02\/ThreeDee-Squid-2-300x300.png\" alt=\"\" class=\"wp-image-717\" style=\"width:200px;height:200px\" srcset=\"https:\/\/threedee.dk\/wp-content\/uploads\/2022\/02\/ThreeDee-Squid-2-300x300.png 300w, https:\/\/threedee.dk\/wp-content\/uploads\/2022\/02\/ThreeDee-Squid-2-1024x1024.png 1024w, https:\/\/threedee.dk\/wp-content\/uploads\/2022\/02\/ThreeDee-Squid-2-150x150.png 150w, https:\/\/threedee.dk\/wp-content\/uploads\/2022\/02\/ThreeDee-Squid-2-768x768.png 768w, https:\/\/threedee.dk\/wp-content\/uploads\/2022\/02\/ThreeDee-Squid-2-922x922.png 922w, https:\/\/threedee.dk\/wp-content\/uploads\/2022\/02\/ThreeDee-Squid-2-360x360.png 360w, https:\/\/threedee.dk\/wp-content\/uploads\/2022\/02\/ThreeDee-Squid-2-600x600.png 600w, https:\/\/threedee.dk\/wp-content\/uploads\/2022\/02\/ThreeDee-Squid-2-100x100.png 100w, https:\/\/threedee.dk\/wp-content\/uploads\/2022\/02\/ThreeDee-Squid-2.png 1080w\" sizes=\"(max-width: 300px) 100vw, 300px\" \/><\/figure>\n<\/div><\/div>\n\n\n\n<div class=\"wp-block-column is-layout-flow wp-block-column-is-layout-flow\" style=\"flex-basis:25%\">\n<figure class=\"wp-block-image size-large\"><img loading=\"lazy\" decoding=\"async\" width=\"1024\" height=\"1024\" src=\"https:\/\/threedee.dk\/wp-content\/uploads\/2022\/02\/Fewl5-ThreeDee-1024x1024.png\" alt=\"\" class=\"wp-image-686\" srcset=\"https:\/\/threedee.dk\/wp-content\/uploads\/2022\/02\/Fewl5-ThreeDee-1024x1024.png 1024w, https:\/\/threedee.dk\/wp-content\/uploads\/2022\/02\/Fewl5-ThreeDee-300x300.png 300w, https:\/\/threedee.dk\/wp-content\/uploads\/2022\/02\/Fewl5-ThreeDee-150x150.png 150w, https:\/\/threedee.dk\/wp-content\/uploads\/2022\/02\/Fewl5-ThreeDee-768x768.png 768w, https:\/\/threedee.dk\/wp-content\/uploads\/2022\/02\/Fewl5-ThreeDee-922x922.png 922w, https:\/\/threedee.dk\/wp-content\/uploads\/2022\/02\/Fewl5-ThreeDee-360x360.png 360w, https:\/\/threedee.dk\/wp-content\/uploads\/2022\/02\/Fewl5-ThreeDee-600x600.png 600w, https:\/\/threedee.dk\/wp-content\/uploads\/2022\/02\/Fewl5-ThreeDee-100x100.png 100w, https:\/\/threedee.dk\/wp-content\/uploads\/2022\/02\/Fewl5-ThreeDee.png 1080w\" sizes=\"(max-width: 1024px) 100vw, 1024px\" \/><\/figure>\n<\/div>\n<\/div>\n\n\n\n<p><\/p>\n","protected":false},"excerpt":{"rendered":"<p>Du er velkommen til at skrive til mig p\u00e5 ThreeDees officielle mailadresse her kontakt@threedee.dk, s\u00e5 vender jeg tilbage, n\u00e5r jeg har et fornuftigt svar at give dig \ud83d\ude42 \/Stefan<\/p>\n","protected":false},"author":1,"featured_media":0,"parent":0,"menu_order":0,"comment_status":"closed","ping_status":"closed","template":"template-full-width-page.php","meta":{"saved_in_kubio":false,"footnotes":""},"class_list":["post-63","page","type-page","status-publish","hentry"],"kubio_ai_page_context":{"short_desc":"","purpose":"general"},"_links":{"self":[{"href":"https:\/\/threedee.dk\/index.php?rest_route=\/wp\/v2\/pages\/63","targetHints":{"allow":["GET"]}}],"collection":[{"href":"https:\/\/threedee.dk\/index.php?rest_route=\/wp\/v2\/pages"}],"about":[{"href":"https:\/\/threedee.dk\/index.php?rest_route=\/wp\/v2\/types\/page"}],"author":[{"embeddable":true,"href":"https:\/\/threedee.dk\/index.php?rest_route=\/wp\/v2\/users\/1"}],"replies":[{"embeddable":true,"href":"https:\/\/threedee.dk\/index.php?rest_route=%2Fwp%2Fv2%2Fcomments&post=63"}],"version-history":[{"count":34,"href":"https:\/\/threedee.dk\/index.php?rest_route=\/wp\/v2\/pages\/63\/revisions"}],"predecessor-version":[{"id":989,"href":"https:\/\/threedee.dk\/index.php?rest_route=\/wp\/v2\/pages\/63\/revisions\/989"}],"wp:attachment":[{"href":"https:\/\/threedee.dk\/index.php?rest_route=%2Fwp%2Fv2%2Fmedia&parent=63"}],"curies":[{"name":"wp","href":"https:\/\/api.w.org\/{rel}","templated":true}]}}