{"id":62,"date":"2021-02-05T21:18:35","date_gmt":"2021-02-05T21:18:35","guid":{"rendered":"https:\/\/threedee.dk\/?page_id=62"},"modified":"2025-06-01T19:46:16","modified_gmt":"2025-06-01T19:46:16","slug":"om","status":"publish","type":"page","link":"https:\/\/threedee.dk\/?page_id=62","title":{"rendered":"Om ThreeDee"},"content":{"rendered":"\n<div class=\"wp-block-columns is-layout-flex wp-container-core-columns-is-layout-9d6595d7 wp-block-columns-is-layout-flex\">\n<div class=\"wp-block-column is-layout-flow wp-block-column-is-layout-flow\" style=\"flex-basis:25%\">\n<figure class=\"wp-block-image size-full is-style-default\"><img loading=\"lazy\" decoding=\"async\" width=\"909\" height=\"1200\" src=\"https:\/\/threedee.dk\/wp-content\/uploads\/2025\/06\/Stefan-Laustsen-2025-1-1-1.png\" alt=\"\" class=\"wp-image-983\" srcset=\"https:\/\/threedee.dk\/wp-content\/uploads\/2025\/06\/Stefan-Laustsen-2025-1-1-1.png 909w, https:\/\/threedee.dk\/wp-content\/uploads\/2025\/06\/Stefan-Laustsen-2025-1-1-1-227x300.png 227w, https:\/\/threedee.dk\/wp-content\/uploads\/2025\/06\/Stefan-Laustsen-2025-1-1-1-776x1024.png 776w, https:\/\/threedee.dk\/wp-content\/uploads\/2025\/06\/Stefan-Laustsen-2025-1-1-1-768x1014.png 768w, https:\/\/threedee.dk\/wp-content\/uploads\/2025\/06\/Stefan-Laustsen-2025-1-1-1-600x792.png 600w\" sizes=\"(max-width: 909px) 100vw, 909px\" \/><\/figure>\n\n\n\n<figure class=\"wp-block-gallery has-nested-images columns-default is-cropped wp-block-gallery-1 is-layout-flex wp-block-gallery-is-layout-flex\"><\/figure>\n<\/div>\n\n\n\n<div class=\"wp-block-column is-layout-flow wp-block-column-is-layout-flow\" style=\"flex-basis:50%\">\n<p style=\"font-size:14px\">ThreeDee er din guide til at komme godt i gang med at skabe ting i 3D og til at komme ud over rampen med dine 3D-animationer. ThreeDee udgiver e-b\u00f8ger, som omhandler opbygning af figurer, sculpting og animation i 3D-programmet, Blender.<br><br><\/p>\n\n\n\n<p style=\"font-size:14px\">Med udgangspunkt i ThreeDees vejledninger og gratisprogrammet, Blender, kan du n\u00e5 helt nye h\u00f8jder \u2013 vi siger, at du kan &#8220;g\u00e5 fra firkant til fri fugl!&#8221;<br><br><\/p>\n\n\n\n<p style=\"font-size:14px\">P\u00e5 sigt er det intentionen, at der skal udgives e-b\u00f8ger inden for flere forskellige kreative omr\u00e5der, hvor det prim\u00e6re v\u00e6rkt\u00f8j er ens computer. Her er det elektronisk musik, videoredigering, musikvisualisering, fotografering og billedredigering, som st\u00e5r for skud i f\u00f8rste omgang.<\/p>\n\n\n\n<p style=\"font-size:14px\"><br>Der vil dog klart v\u00e6re fokus p\u00e5 3D i Blender, da der allerede er lagt i st\u00f8beskeen til en hel serie af opgaveb\u00f8ger fyldt med sp\u00e6ndende emner.  <\/p>\n<\/div>\n\n\n\n<div class=\"wp-block-column is-layout-flow wp-block-column-is-layout-flow\" style=\"flex-basis:25%\">\n<figure class=\"wp-block-image size-full\"><img loading=\"lazy\" decoding=\"async\" width=\"1024\" height=\"1024\" src=\"https:\/\/threedee.dk\/wp-content\/uploads\/2025\/06\/Fugl02-1-1024x1024-1.png\" alt=\"\" class=\"wp-image-986\" style=\"aspect-ratio:3\/4;object-fit:cover\" srcset=\"https:\/\/threedee.dk\/wp-content\/uploads\/2025\/06\/Fugl02-1-1024x1024-1.png 1024w, https:\/\/threedee.dk\/wp-content\/uploads\/2025\/06\/Fugl02-1-1024x1024-1-300x300.png 300w, https:\/\/threedee.dk\/wp-content\/uploads\/2025\/06\/Fugl02-1-1024x1024-1-150x150.png 150w, https:\/\/threedee.dk\/wp-content\/uploads\/2025\/06\/Fugl02-1-1024x1024-1-768x768.png 768w, https:\/\/threedee.dk\/wp-content\/uploads\/2025\/06\/Fugl02-1-1024x1024-1-600x600.png 600w, https:\/\/threedee.dk\/wp-content\/uploads\/2025\/06\/Fugl02-1-1024x1024-1-100x100.png 100w\" sizes=\"(max-width: 1024px) 100vw, 1024px\" \/><\/figure>\n<\/div>\n<\/div>\n","protected":false},"excerpt":{"rendered":"<p>ThreeDee er din guide til at komme godt i gang med at skabe ting i 3D og til at komme ud over rampen med dine 3D-animationer. ThreeDee udgiver e-b\u00f8ger, som omhandler opbygning af figurer, sculpting og animation i 3D-programmet, Blender. Med udgangspunkt i ThreeDees vejledninger og gratisprogrammet, Blender, kan du n\u00e5 helt nye h\u00f8jder \u2013 [&hellip;]<\/p>\n","protected":false},"author":1,"featured_media":0,"parent":0,"menu_order":0,"comment_status":"closed","ping_status":"closed","template":"template-full-width-page.php","meta":{"saved_in_kubio":false,"footnotes":""},"class_list":["post-62","page","type-page","status-publish","hentry"],"kubio_ai_page_context":{"short_desc":"","purpose":"general"},"_links":{"self":[{"href":"https:\/\/threedee.dk\/index.php?rest_route=\/wp\/v2\/pages\/62","targetHints":{"allow":["GET"]}}],"collection":[{"href":"https:\/\/threedee.dk\/index.php?rest_route=\/wp\/v2\/pages"}],"about":[{"href":"https:\/\/threedee.dk\/index.php?rest_route=\/wp\/v2\/types\/page"}],"author":[{"embeddable":true,"href":"https:\/\/threedee.dk\/index.php?rest_route=\/wp\/v2\/users\/1"}],"replies":[{"embeddable":true,"href":"https:\/\/threedee.dk\/index.php?rest_route=%2Fwp%2Fv2%2Fcomments&post=62"}],"version-history":[{"count":50,"href":"https:\/\/threedee.dk\/index.php?rest_route=\/wp\/v2\/pages\/62\/revisions"}],"predecessor-version":[{"id":987,"href":"https:\/\/threedee.dk\/index.php?rest_route=\/wp\/v2\/pages\/62\/revisions\/987"}],"wp:attachment":[{"href":"https:\/\/threedee.dk\/index.php?rest_route=%2Fwp%2Fv2%2Fmedia&parent=62"}],"curies":[{"name":"wp","href":"https:\/\/api.w.org\/{rel}","templated":true}]}}