{"id":61,"date":"2021-02-05T21:18:35","date_gmt":"2021-02-05T21:18:35","guid":{"rendered":"https:\/\/threedee.dk\/?page_id=61"},"modified":"2025-06-01T20:03:23","modified_gmt":"2025-06-01T20:03:23","slug":"gratis-download","status":"publish","type":"page","link":"https:\/\/threedee.dk\/?page_id=61","title":{"rendered":"Gratis downloads"},"content":{"rendered":"\n<p><\/p>\n\n\n\n<div class=\"wp-block-columns is-layout-flex wp-container-core-columns-is-layout-9d6595d7 wp-block-columns-is-layout-flex\">\n<div class=\"wp-block-column is-layout-flow wp-block-column-is-layout-flow\" style=\"flex-basis:25%\">\n<figure class=\"wp-block-image size-full\"><img loading=\"lazy\" decoding=\"async\" width=\"472\" height=\"472\" src=\"https:\/\/threedee.dk\/wp-content\/uploads\/2022\/02\/featured_preview_featured_preview_image0_6.png\" alt=\"\" class=\"wp-image-621\" srcset=\"https:\/\/threedee.dk\/wp-content\/uploads\/2022\/02\/featured_preview_featured_preview_image0_6.png 472w, https:\/\/threedee.dk\/wp-content\/uploads\/2022\/02\/featured_preview_featured_preview_image0_6-300x300.png 300w, https:\/\/threedee.dk\/wp-content\/uploads\/2022\/02\/featured_preview_featured_preview_image0_6-150x150.png 150w, https:\/\/threedee.dk\/wp-content\/uploads\/2022\/02\/featured_preview_featured_preview_image0_6-360x360.png 360w, https:\/\/threedee.dk\/wp-content\/uploads\/2022\/02\/featured_preview_featured_preview_image0_6-100x100.png 100w\" sizes=\"(max-width: 472px) 100vw, 472px\" \/><\/figure>\n<\/div>\n\n\n\n<div class=\"wp-block-column is-layout-flow wp-block-column-is-layout-flow\" style=\"flex-basis:50%\">\n<p style=\"font-size:14px\">Du kan frit downloade 3D-modellerne p\u00e5 denne side til privat brug. De m\u00e5 dog ikke deles andre steder p\u00e5 internettet eller bruges til kommercielt salg. Alle rettigheder ejes af Stefan Laustsen.<\/p>\n\n\n\n<p style=\"font-size:14px\">P\u00e5 Thingiverse.com kan man finde millioner af gratis .stl-filer, som man kan 3D-printe. ThreeDee har ogs\u00e5 en profil p\u00e5 Thingiverse, hvor du kan hente gratis designs lavet af Stefan Laustsen aka LoudSon. Klik <strong><a rel=\"noreferrer noopener\" href=\"https:\/\/www.thingiverse.com\/loudson\/designs\" data-type=\"URL\" data-id=\"https:\/\/www.thingiverse.com\/loudson\/designs\" target=\"_blank\">her<\/a><\/strong> for at komme til profilen p\u00e5 Thingiverse \ud83d\ude42<br><\/p>\n\n\n\n<p style=\"font-size:14px\"><br><\/p>\n\n\n<div class=\"wp-block-image\">\n<figure class=\"aligncenter size-full is-resized\"><img loading=\"lazy\" decoding=\"async\" width=\"750\" height=\"134\" src=\"https:\/\/threedee.dk\/wp-content\/uploads\/2022\/02\/thingiverse-logo.png\" alt=\"\" class=\"wp-image-627\" style=\"width:375px;height:67px\" srcset=\"https:\/\/threedee.dk\/wp-content\/uploads\/2022\/02\/thingiverse-logo.png 750w, https:\/\/threedee.dk\/wp-content\/uploads\/2022\/02\/thingiverse-logo-300x54.png 300w, https:\/\/threedee.dk\/wp-content\/uploads\/2022\/02\/thingiverse-logo-600x107.png 600w\" sizes=\"(max-width: 750px) 100vw, 750px\" \/><\/figure>\n<\/div>\n\n\n<p><br><\/p>\n<\/div>\n\n\n\n<div class=\"wp-block-column is-layout-flow wp-block-column-is-layout-flow\" style=\"flex-basis:25%\">\n<figure class=\"wp-block-image size-full\"><img loading=\"lazy\" decoding=\"async\" width=\"472\" height=\"472\" src=\"https:\/\/threedee.dk\/wp-content\/uploads\/2022\/02\/featured_preview_card_preview_MEGA_LILLE.png\" alt=\"\" class=\"wp-image-622\" srcset=\"https:\/\/threedee.dk\/wp-content\/uploads\/2022\/02\/featured_preview_card_preview_MEGA_LILLE.png 472w, https:\/\/threedee.dk\/wp-content\/uploads\/2022\/02\/featured_preview_card_preview_MEGA_LILLE-300x300.png 300w, https:\/\/threedee.dk\/wp-content\/uploads\/2022\/02\/featured_preview_card_preview_MEGA_LILLE-150x150.png 150w, https:\/\/threedee.dk\/wp-content\/uploads\/2022\/02\/featured_preview_card_preview_MEGA_LILLE-360x360.png 360w, https:\/\/threedee.dk\/wp-content\/uploads\/2022\/02\/featured_preview_card_preview_MEGA_LILLE-100x100.png 100w\" sizes=\"(max-width: 472px) 100vw, 472px\" \/><\/figure>\n<\/div>\n<\/div>\n\n\n\n<div class=\"wp-block-columns is-layout-flex wp-container-core-columns-is-layout-9d6595d7 wp-block-columns-is-layout-flex\">\n<div class=\"wp-block-column is-layout-flow wp-block-column-is-layout-flow\" style=\"flex-basis:25%\">\n<figure class=\"wp-block-image size-large\"><img loading=\"lazy\" decoding=\"async\" width=\"1024\" height=\"1024\" src=\"https:\/\/threedee.dk\/wp-content\/uploads\/2022\/02\/Scooter2_b-1024x1024.png\" alt=\"\" class=\"wp-image-649\" srcset=\"https:\/\/threedee.dk\/wp-content\/uploads\/2022\/02\/Scooter2_b-1024x1024.png 1024w, https:\/\/threedee.dk\/wp-content\/uploads\/2022\/02\/Scooter2_b-300x300.png 300w, https:\/\/threedee.dk\/wp-content\/uploads\/2022\/02\/Scooter2_b-150x150.png 150w, https:\/\/threedee.dk\/wp-content\/uploads\/2022\/02\/Scooter2_b-768x768.png 768w, https:\/\/threedee.dk\/wp-content\/uploads\/2022\/02\/Scooter2_b-922x922.png 922w, https:\/\/threedee.dk\/wp-content\/uploads\/2022\/02\/Scooter2_b-360x360.png 360w, https:\/\/threedee.dk\/wp-content\/uploads\/2022\/02\/Scooter2_b-600x600.png 600w, https:\/\/threedee.dk\/wp-content\/uploads\/2022\/02\/Scooter2_b-100x100.png 100w, https:\/\/threedee.dk\/wp-content\/uploads\/2022\/02\/Scooter2_b.png 1080w\" sizes=\"(max-width: 1024px) 100vw, 1024px\" \/><\/figure>\n<\/div>\n\n\n\n<div class=\"wp-block-column is-layout-flow wp-block-column-is-layout-flow\" style=\"flex-basis:50%\">\n<p style=\"font-size:14px\"><strong>Scooter<\/strong><\/p>\n\n\n\n<p style=\"font-size:14px\">Denne scooter blev oprindeligt lavet til en LoudSon EP fra 2015. Dette er dog 2021-versionen, hvor farverne og teksturerne er blevet opdateret. <\/p>\n\n\n\n<p style=\"font-size:14px\">Musikken fra EP&#8217;en kan man lytte til p\u00e5 Soundcloud <strong><a href=\"https:\/\/soundcloud.com\/loud-son\" data-type=\"URL\" data-id=\"https:\/\/soundcloud.com\/loud-son\" target=\"_blank\" rel=\"noreferrer noopener\">her<\/a><\/strong>, og linket til .blend-filen af scooteren er lige <strong><a href=\"https:\/\/www.dropbox.com\/s\/rbfqxdz2mcji12r\/ThreeDee_SL_Scooter2015_2021.blend?dl=0\" data-type=\"URL\" data-id=\"https:\/\/www.dropbox.com\/s\/rbfqxdz2mcji12r\/ThreeDee_SL_Scooter2015_2021.blend?dl=0\" target=\"_blank\" rel=\"noreferrer noopener\">her<\/a><\/strong>. <br><br><strong>Ogre Thron<\/strong>e <\/p>\n\n\n\n<p style=\"font-size:14px\">Tronen tilh\u00f8rer en farlig k\u00e6mpe, som forh\u00e5bentlig ikke kommer retur forel\u00f8big! Tronen er lavet med tanke p\u00e5 br\u00e6tspillet, HeroQuest, og .stl-filen er klar til 3D-print \ud83d\ude09 <\/p>\n\n\n\n<p style=\"font-size:14px\">Download .stl-filen fra Thingiverse via linket <strong><a rel=\"noreferrer noopener\" href=\"https:\/\/www.thingiverse.com\/thing:4361869\" data-type=\"URL\" data-id=\"https:\/\/www.thingiverse.com\/thing:4361869\" target=\"_blank\">her<\/a><\/strong><a rel=\"noreferrer noopener\" href=\"https:\/\/www.dropbox.com\/s\/hpcxy5ufwvvpyoq\/ThreeDee_Free_Ogre_Throne_2021.stl?dl=0\" target=\"_blank\">.<\/a><br><br><\/p>\n<\/div>\n\n\n\n<div class=\"wp-block-column is-layout-flow wp-block-column-is-layout-flow\" style=\"flex-basis:25%\">\n<figure class=\"wp-block-image size-large\"><img loading=\"lazy\" decoding=\"async\" width=\"1024\" height=\"1024\" src=\"https:\/\/threedee.dk\/wp-content\/uploads\/2021\/02\/Ogre04-1024x1024.png\" alt=\"\" class=\"wp-image-225\" srcset=\"https:\/\/threedee.dk\/wp-content\/uploads\/2021\/02\/Ogre04-1024x1024.png 1024w, https:\/\/threedee.dk\/wp-content\/uploads\/2021\/02\/Ogre04-300x300.png 300w, https:\/\/threedee.dk\/wp-content\/uploads\/2021\/02\/Ogre04-150x150.png 150w, https:\/\/threedee.dk\/wp-content\/uploads\/2021\/02\/Ogre04-768x768.png 768w, https:\/\/threedee.dk\/wp-content\/uploads\/2021\/02\/Ogre04-922x922.png 922w, https:\/\/threedee.dk\/wp-content\/uploads\/2021\/02\/Ogre04-360x360.png 360w, https:\/\/threedee.dk\/wp-content\/uploads\/2021\/02\/Ogre04-600x600.png 600w, https:\/\/threedee.dk\/wp-content\/uploads\/2021\/02\/Ogre04-100x100.png 100w, https:\/\/threedee.dk\/wp-content\/uploads\/2021\/02\/Ogre04.png 1205w\" sizes=\"(max-width: 1024px) 100vw, 1024px\" \/><\/figure>\n<\/div>\n<\/div>\n\n\n\n<div class=\"wp-block-columns is-layout-flex wp-container-core-columns-is-layout-9d6595d7 wp-block-columns-is-layout-flex\">\n<div class=\"wp-block-column is-layout-flow wp-block-column-is-layout-flow\" style=\"flex-basis:25%\">\n<figure class=\"wp-block-image size-large\"><img loading=\"lazy\" decoding=\"async\" width=\"1024\" height=\"1024\" src=\"https:\/\/threedee.dk\/wp-content\/uploads\/2022\/02\/Ork2021-1024x1024.png\" alt=\"\" class=\"wp-image-608\" srcset=\"https:\/\/threedee.dk\/wp-content\/uploads\/2022\/02\/Ork2021-1024x1024.png 1024w, https:\/\/threedee.dk\/wp-content\/uploads\/2022\/02\/Ork2021-300x300.png 300w, https:\/\/threedee.dk\/wp-content\/uploads\/2022\/02\/Ork2021-150x150.png 150w, https:\/\/threedee.dk\/wp-content\/uploads\/2022\/02\/Ork2021-768x768.png 768w, https:\/\/threedee.dk\/wp-content\/uploads\/2022\/02\/Ork2021-922x922.png 922w, https:\/\/threedee.dk\/wp-content\/uploads\/2022\/02\/Ork2021-360x360.png 360w, https:\/\/threedee.dk\/wp-content\/uploads\/2022\/02\/Ork2021-600x600.png 600w, https:\/\/threedee.dk\/wp-content\/uploads\/2022\/02\/Ork2021-100x100.png 100w, https:\/\/threedee.dk\/wp-content\/uploads\/2022\/02\/Ork2021.png 1080w\" sizes=\"(max-width: 1024px) 100vw, 1024px\" \/><\/figure>\n<\/div>\n\n\n\n<div class=\"wp-block-column is-layout-flow wp-block-column-is-layout-flow\" style=\"flex-basis:50%\">\n<p style=\"font-size:14px\"><strong>Ork-buste<\/strong><\/p>\n\n\n\n<p style=\"font-size:14px\">I anledning af de f\u00f8rste 100 f\u00f8lgere p\u00e5 ThreeDees Facebookside kan du downloade denne ork-buste i .blend-format helt gratis via nedenst\u00e5ende link. Tell your friends. <\/p>\n\n\n\n<p style=\"font-size:14px\">Klik <strong><a rel=\"noreferrer noopener\" href=\"https:\/\/www.dropbox.com\/s\/3ocpdq9z5qsorb7\/ThreeDee_Orc_2021_Edit_V2.blend?dl=0\" target=\"_blank\">her<\/a><\/strong> for at downloade Blender-filen fra Dropbox.<br><br><strong>Chaos Dwarf<\/strong><\/p>\n\n\n\n<p style=\"font-size:14px\">Her er et link til at downloade denne lille standhaftige kriger direkte fra min Dropbox. Han er designet til 3D-print og t\u00e6nkt som en unik karakter til det gode gamle br\u00e6tspil, HeroQuest, fra 1989.<\/p>\n\n\n\n<p style=\"font-size:14px\"><strong><a rel=\"noreferrer noopener\" href=\"https:\/\/www.thingiverse.com\/thing:4730434\" data-type=\"URL\" data-id=\"https:\/\/www.thingiverse.com\/thing:4730434\" target=\"_blank\">Her<\/a><\/strong> er linket til den bette kriger! \ud83d\ude00 <br><br><\/p>\n<\/div>\n\n\n\n<div class=\"wp-block-column is-layout-flow wp-block-column-is-layout-flow\" style=\"flex-basis:25%\">\n<figure class=\"wp-block-image size-large\"><img loading=\"lazy\" decoding=\"async\" width=\"1024\" height=\"1024\" src=\"https:\/\/threedee.dk\/wp-content\/uploads\/2022\/02\/Dwarf65-1024x1024.png\" alt=\"\" class=\"wp-image-651\" srcset=\"https:\/\/threedee.dk\/wp-content\/uploads\/2022\/02\/Dwarf65-1024x1024.png 1024w, https:\/\/threedee.dk\/wp-content\/uploads\/2022\/02\/Dwarf65-300x300.png 300w, https:\/\/threedee.dk\/wp-content\/uploads\/2022\/02\/Dwarf65-150x150.png 150w, https:\/\/threedee.dk\/wp-content\/uploads\/2022\/02\/Dwarf65-768x768.png 768w, https:\/\/threedee.dk\/wp-content\/uploads\/2022\/02\/Dwarf65-922x922.png 922w, https:\/\/threedee.dk\/wp-content\/uploads\/2022\/02\/Dwarf65-360x360.png 360w, https:\/\/threedee.dk\/wp-content\/uploads\/2022\/02\/Dwarf65-600x600.png 600w, https:\/\/threedee.dk\/wp-content\/uploads\/2022\/02\/Dwarf65-100x100.png 100w, https:\/\/threedee.dk\/wp-content\/uploads\/2022\/02\/Dwarf65.png 1080w\" sizes=\"(max-width: 1024px) 100vw, 1024px\" \/><\/figure>\n<\/div>\n<\/div>\n\n\n\n<p><\/p>\n","protected":false},"excerpt":{"rendered":"<p>Du kan frit downloade 3D-modellerne p\u00e5 denne side til privat brug. De m\u00e5 dog ikke deles andre steder p\u00e5 internettet eller bruges til kommercielt salg. Alle rettigheder ejes af Stefan Laustsen. P\u00e5 Thingiverse.com kan man finde millioner af gratis .stl-filer, som man kan 3D-printe. ThreeDee har ogs\u00e5 en profil p\u00e5 Thingiverse, hvor du kan hente [&hellip;]<\/p>\n","protected":false},"author":1,"featured_media":0,"parent":0,"menu_order":0,"comment_status":"closed","ping_status":"closed","template":"template-full-width-page.php","meta":{"saved_in_kubio":false,"footnotes":""},"class_list":["post-61","page","type-page","status-publish","hentry"],"kubio_ai_page_context":{"short_desc":"","purpose":"general"},"_links":{"self":[{"href":"https:\/\/threedee.dk\/index.php?rest_route=\/wp\/v2\/pages\/61","targetHints":{"allow":["GET"]}}],"collection":[{"href":"https:\/\/threedee.dk\/index.php?rest_route=\/wp\/v2\/pages"}],"about":[{"href":"https:\/\/threedee.dk\/index.php?rest_route=\/wp\/v2\/types\/page"}],"author":[{"embeddable":true,"href":"https:\/\/threedee.dk\/index.php?rest_route=\/wp\/v2\/users\/1"}],"replies":[{"embeddable":true,"href":"https:\/\/threedee.dk\/index.php?rest_route=%2Fwp%2Fv2%2Fcomments&post=61"}],"version-history":[{"count":124,"href":"https:\/\/threedee.dk\/index.php?rest_route=\/wp\/v2\/pages\/61\/revisions"}],"predecessor-version":[{"id":1006,"href":"https:\/\/threedee.dk\/index.php?rest_route=\/wp\/v2\/pages\/61\/revisions\/1006"}],"wp:attachment":[{"href":"https:\/\/threedee.dk\/index.php?rest_route=%2Fwp%2Fv2%2Fmedia&parent=61"}],"curies":[{"name":"wp","href":"https:\/\/api.w.org\/{rel}","templated":true}]}}