{"id":60,"date":"2021-02-05T21:18:35","date_gmt":"2021-02-05T21:18:35","guid":{"rendered":"https:\/\/threedee.dk\/?page_id=60"},"modified":"2025-06-01T20:02:01","modified_gmt":"2025-06-01T20:02:01","slug":"koeb-3d-modeller","status":"publish","type":"page","link":"https:\/\/threedee.dk\/?page_id=60","title":{"rendered":"3D-modeller"},"content":{"rendered":"\n<div class=\"wp-block-columns is-layout-flex wp-container-core-columns-is-layout-9d6595d7 wp-block-columns-is-layout-flex\">\n<div class=\"wp-block-column is-layout-flow wp-block-column-is-layout-flow\" style=\"flex-basis:25%\">\n<figure class=\"wp-block-image size-large\"><img loading=\"lazy\" decoding=\"async\" width=\"704\" height=\"1024\" src=\"https:\/\/threedee.dk\/wp-content\/uploads\/2022\/02\/Nyt-Projekt-2022-02-12T135756.418-704x1024.png\" alt=\"\" class=\"wp-image-585\" srcset=\"https:\/\/threedee.dk\/wp-content\/uploads\/2022\/02\/Nyt-Projekt-2022-02-12T135756.418-704x1024.png 704w, https:\/\/threedee.dk\/wp-content\/uploads\/2022\/02\/Nyt-Projekt-2022-02-12T135756.418-206x300.png 206w, https:\/\/threedee.dk\/wp-content\/uploads\/2022\/02\/Nyt-Projekt-2022-02-12T135756.418-768x1117.png 768w, https:\/\/threedee.dk\/wp-content\/uploads\/2022\/02\/Nyt-Projekt-2022-02-12T135756.418-922x1341.png 922w, https:\/\/threedee.dk\/wp-content\/uploads\/2022\/02\/Nyt-Projekt-2022-02-12T135756.418-600x873.png 600w, https:\/\/threedee.dk\/wp-content\/uploads\/2022\/02\/Nyt-Projekt-2022-02-12T135756.418.png 959w\" sizes=\"(max-width: 704px) 100vw, 704px\" \/><\/figure>\n<\/div>\n\n\n\n<div class=\"wp-block-column is-layout-flow wp-block-column-is-layout-flow\" style=\"flex-basis:50%\">\n<p style=\"font-size:14px\"><br>Du kan downloade nogle af mine 3D-modeller p\u00e5 Cults3d. P\u00e5 deres hjemmeside kan du finde .stl-filer, du selv kan printe med din 3D-printer. Du finder det hele via <a href=\"https:\/\/cults3d.com\/en\/users\/ThreeDeeDK\/creations\" data-type=\"URL\" data-id=\"https:\/\/cults3d.com\/en\/users\/ThreeDeeDK\/creations\" target=\"_blank\" rel=\"noreferrer noopener\"><strong>dette link<\/strong><\/a>.<\/p>\n\n\n<div class=\"wp-block-image\">\n<figure class=\"aligncenter size-full is-resized\"><img loading=\"lazy\" decoding=\"async\" width=\"372\" height=\"135\" src=\"https:\/\/threedee.dk\/wp-content\/uploads\/2022\/02\/download.png\" alt=\"\" class=\"wp-image-583\" style=\"width:372px;height:135px\" srcset=\"https:\/\/threedee.dk\/wp-content\/uploads\/2022\/02\/download.png 372w, https:\/\/threedee.dk\/wp-content\/uploads\/2022\/02\/download-300x109.png 300w\" sizes=\"(max-width: 372px) 100vw, 372px\" \/><\/figure>\n<\/div>\n\n\n<p style=\"font-size:14px\"><br>Der er udelukkende tale om digitale filer. Hvis du downloader en 3D-model har du retten til selv at printe s\u00e5 mange af dem, som du \u00f8nsker til privat brug.<br><br>Filerne m\u00e5 alts\u00e5 ikke deles med andre, og de m\u00e5 heller ikke bruges i kommercielt \u00f8jemed.<br><br>Alle rettigheder tilh\u00f8rer Stefan Laustsen.<\/p>\n\n\n\n<p><br><\/p>\n<\/div>\n\n\n\n<div class=\"wp-block-column is-layout-flow wp-block-column-is-layout-flow\" style=\"flex-basis:25%\">\n<figure class=\"wp-block-image size-large\"><img loading=\"lazy\" decoding=\"async\" width=\"704\" height=\"1024\" src=\"https:\/\/threedee.dk\/wp-content\/uploads\/2022\/02\/Nyt-Projekt-2022-02-12T140902.463-704x1024.png\" alt=\"\" class=\"wp-image-586\" srcset=\"https:\/\/threedee.dk\/wp-content\/uploads\/2022\/02\/Nyt-Projekt-2022-02-12T140902.463-704x1024.png 704w, https:\/\/threedee.dk\/wp-content\/uploads\/2022\/02\/Nyt-Projekt-2022-02-12T140902.463-206x300.png 206w, https:\/\/threedee.dk\/wp-content\/uploads\/2022\/02\/Nyt-Projekt-2022-02-12T140902.463-768x1117.png 768w, https:\/\/threedee.dk\/wp-content\/uploads\/2022\/02\/Nyt-Projekt-2022-02-12T140902.463-922x1341.png 922w, https:\/\/threedee.dk\/wp-content\/uploads\/2022\/02\/Nyt-Projekt-2022-02-12T140902.463-600x873.png 600w, https:\/\/threedee.dk\/wp-content\/uploads\/2022\/02\/Nyt-Projekt-2022-02-12T140902.463.png 959w\" sizes=\"(max-width: 704px) 100vw, 704px\" \/><\/figure>\n<\/div>\n<\/div>\n\n\n\n<p><\/p>\n","protected":false},"excerpt":{"rendered":"<p>Du kan downloade nogle af mine 3D-modeller p\u00e5 Cults3d. P\u00e5 deres hjemmeside kan du finde .stl-filer, du selv kan printe med din 3D-printer. Du finder det hele via dette link. Der er udelukkende tale om digitale filer. Hvis du downloader en 3D-model har du retten til selv at printe s\u00e5 mange af dem, som du [&hellip;]<\/p>\n","protected":false},"author":1,"featured_media":0,"parent":0,"menu_order":0,"comment_status":"closed","ping_status":"closed","template":"template-full-width-page.php","meta":{"saved_in_kubio":false,"footnotes":""},"class_list":["post-60","page","type-page","status-publish","hentry"],"kubio_ai_page_context":{"short_desc":"","purpose":"general"},"_links":{"self":[{"href":"https:\/\/threedee.dk\/index.php?rest_route=\/wp\/v2\/pages\/60","targetHints":{"allow":["GET"]}}],"collection":[{"href":"https:\/\/threedee.dk\/index.php?rest_route=\/wp\/v2\/pages"}],"about":[{"href":"https:\/\/threedee.dk\/index.php?rest_route=\/wp\/v2\/types\/page"}],"author":[{"embeddable":true,"href":"https:\/\/threedee.dk\/index.php?rest_route=\/wp\/v2\/users\/1"}],"replies":[{"embeddable":true,"href":"https:\/\/threedee.dk\/index.php?rest_route=%2Fwp%2Fv2%2Fcomments&post=60"}],"version-history":[{"count":54,"href":"https:\/\/threedee.dk\/index.php?rest_route=\/wp\/v2\/pages\/60\/revisions"}],"predecessor-version":[{"id":1005,"href":"https:\/\/threedee.dk\/index.php?rest_route=\/wp\/v2\/pages\/60\/revisions\/1005"}],"wp:attachment":[{"href":"https:\/\/threedee.dk\/index.php?rest_route=%2Fwp%2Fv2%2Fmedia&parent=60"}],"curies":[{"name":"wp","href":"https:\/\/api.w.org\/{rel}","templated":true}]}}