{"id":59,"date":"2021-02-05T21:18:35","date_gmt":"2021-02-05T21:18:35","guid":{"rendered":"https:\/\/threedee.dk\/?page_id=59"},"modified":"2025-06-01T19:50:12","modified_gmt":"2025-06-01T19:50:12","slug":"koeb-e-boeger","status":"publish","type":"page","link":"https:\/\/threedee.dk\/?page_id=59","title":{"rendered":"E-b\u00f8ger"},"content":{"rendered":"\n<div class=\"wp-block-columns is-layout-flex wp-container-core-columns-is-layout-9d6595d7 wp-block-columns-is-layout-flex\">\n<div class=\"wp-block-column is-vertically-aligned-center is-layout-flow wp-block-column-is-layout-flow\">\n<div class=\"wp-block-columns is-layout-flex wp-container-core-columns-is-layout-9d6595d7 wp-block-columns-is-layout-flex\">\n<div class=\"wp-block-column is-layout-flow wp-block-column-is-layout-flow\" style=\"flex-basis:18%\"><\/div>\n\n\n\n<div class=\"wp-block-column is-layout-flow wp-block-column-is-layout-flow\" style=\"flex-basis:60%\">\n<p style=\"font-size:14px\">Jeg planl\u00e6gger at udgive en bogserie om at lave 3D-modellering: &#8220;<strong>3D i Blender &#8211; fra firkant til fri fugl<\/strong>&#8220;. Samlet set vil b\u00f8gerne blive en komplet guide for alle, der har lyst til at l\u00e6re at bygge 3D-modeller p\u00e5 computeren og animere dem. <br><br>B\u00f8gerne kommer til at g\u00e5 i dybden med alle funktioner i programmet, Blender, og kan s\u00e5ledes ogs\u00e5 bruges som opslagsv\u00e6rk for rutinerede 3D-designere. <br><br>P.t. er den f\u00f8rste bog til genneml\u00e6sning. Det er en opgavebog, som guider en gennem Blenders fabelagtige univers af 3D-magi! Denne opgavebog vil danne udgangspunkt for min fremtidige undervisning i 3D-modellering. <\/p>\n\n\n\n<p><\/p>\n<\/div>\n\n\n\n<div class=\"wp-block-column is-layout-flow wp-block-column-is-layout-flow\" style=\"flex-basis:18%\"><\/div>\n<\/div>\n\n\n<div class=\"wp-block-image is-style-default\">\n<figure class=\"aligncenter size-large\"><img loading=\"lazy\" decoding=\"async\" width=\"723\" height=\"1024\" src=\"https:\/\/threedee.dk\/wp-content\/uploads\/2022\/02\/FINAL-BOGCOVER-1-723x1024.png\" alt=\"\" class=\"wp-image-591\" srcset=\"https:\/\/threedee.dk\/wp-content\/uploads\/2022\/02\/FINAL-BOGCOVER-1-723x1024.png 723w, https:\/\/threedee.dk\/wp-content\/uploads\/2022\/02\/FINAL-BOGCOVER-1-212x300.png 212w, https:\/\/threedee.dk\/wp-content\/uploads\/2022\/02\/FINAL-BOGCOVER-1-768x1088.png 768w, https:\/\/threedee.dk\/wp-content\/uploads\/2022\/02\/FINAL-BOGCOVER-1-1084x1536.png 1084w, https:\/\/threedee.dk\/wp-content\/uploads\/2022\/02\/FINAL-BOGCOVER-1-1445x2048.png 1445w, https:\/\/threedee.dk\/wp-content\/uploads\/2022\/02\/FINAL-BOGCOVER-1-1222x1732.png 1222w, https:\/\/threedee.dk\/wp-content\/uploads\/2022\/02\/FINAL-BOGCOVER-1-922x1307.png 922w, https:\/\/threedee.dk\/wp-content\/uploads\/2022\/02\/FINAL-BOGCOVER-1-600x850.png 600w, https:\/\/threedee.dk\/wp-content\/uploads\/2022\/02\/FINAL-BOGCOVER-1.png 1776w\" sizes=\"(max-width: 723px) 100vw, 723px\" \/><\/figure>\n<\/div><\/div>\n<\/div>\n","protected":false},"excerpt":{"rendered":"<p>Jeg planl\u00e6gger at udgive en bogserie om at lave 3D-modellering: &#8220;3D i Blender &#8211; fra firkant til fri fugl&#8220;. Samlet set vil b\u00f8gerne blive en komplet guide for alle, der har lyst til at l\u00e6re at bygge 3D-modeller p\u00e5 computeren og animere dem. B\u00f8gerne kommer til at g\u00e5 i dybden med alle funktioner i programmet, [&hellip;]<\/p>\n","protected":false},"author":1,"featured_media":0,"parent":0,"menu_order":0,"comment_status":"closed","ping_status":"closed","template":"template-full-width-page.php","meta":{"saved_in_kubio":false,"footnotes":""},"class_list":["post-59","page","type-page","status-publish","hentry"],"kubio_ai_page_context":{"short_desc":"","purpose":"general"},"_links":{"self":[{"href":"https:\/\/threedee.dk\/index.php?rest_route=\/wp\/v2\/pages\/59","targetHints":{"allow":["GET"]}}],"collection":[{"href":"https:\/\/threedee.dk\/index.php?rest_route=\/wp\/v2\/pages"}],"about":[{"href":"https:\/\/threedee.dk\/index.php?rest_route=\/wp\/v2\/types\/page"}],"author":[{"embeddable":true,"href":"https:\/\/threedee.dk\/index.php?rest_route=\/wp\/v2\/users\/1"}],"replies":[{"embeddable":true,"href":"https:\/\/threedee.dk\/index.php?rest_route=%2Fwp%2Fv2%2Fcomments&post=59"}],"version-history":[{"count":31,"href":"https:\/\/threedee.dk\/index.php?rest_route=\/wp\/v2\/pages\/59\/revisions"}],"predecessor-version":[{"id":991,"href":"https:\/\/threedee.dk\/index.php?rest_route=\/wp\/v2\/pages\/59\/revisions\/991"}],"wp:attachment":[{"href":"https:\/\/threedee.dk\/index.php?rest_route=%2Fwp%2Fv2%2Fmedia&parent=59"}],"curies":[{"name":"wp","href":"https:\/\/api.w.org\/{rel}","templated":true}]}}