{"id":480,"date":"2021-08-28T22:22:07","date_gmt":"2021-08-28T22:22:07","guid":{"rendered":"https:\/\/threedee.dk\/?page_id=480"},"modified":"2025-06-01T20:23:26","modified_gmt":"2025-06-01T20:23:26","slug":"koeb-blenderkursus-og-3d-printerservice","status":"publish","type":"page","link":"https:\/\/threedee.dk\/?page_id=480","title":{"rendered":"F\u00e5 hj\u00e6lp til 3D"},"content":{"rendered":"\n<p><\/p>\n\n\n\n<div class=\"wp-block-columns is-layout-flex wp-container-core-columns-is-layout-9d6595d7 wp-block-columns-is-layout-flex\">\n<div class=\"wp-block-column is-layout-flow wp-block-column-is-layout-flow\" style=\"flex-basis:25%\">\n<figure class=\"wp-block-image size-large\"><a href=\"https:\/\/threedee.dk\/wp-content\/uploads\/2022\/02\/ThreeDee-Reklame-2022-1b-1-1024x1024.png\" target=\"_blank\" rel=\"noopener\"><img loading=\"lazy\" decoding=\"async\" width=\"1024\" height=\"1024\" src=\"https:\/\/threedee.dk\/wp-content\/uploads\/2022\/02\/ThreeDee-Reklame-2022-1b-1-1024x1024.png\" alt=\"\" class=\"wp-image-812\" srcset=\"https:\/\/threedee.dk\/wp-content\/uploads\/2022\/02\/ThreeDee-Reklame-2022-1b-1-1024x1024.png 1024w, https:\/\/threedee.dk\/wp-content\/uploads\/2022\/02\/ThreeDee-Reklame-2022-1b-1-300x300.png 300w, https:\/\/threedee.dk\/wp-content\/uploads\/2022\/02\/ThreeDee-Reklame-2022-1b-1-150x150.png 150w, https:\/\/threedee.dk\/wp-content\/uploads\/2022\/02\/ThreeDee-Reklame-2022-1b-1-768x768.png 768w, https:\/\/threedee.dk\/wp-content\/uploads\/2022\/02\/ThreeDee-Reklame-2022-1b-1-1536x1536.png 1536w, https:\/\/threedee.dk\/wp-content\/uploads\/2022\/02\/ThreeDee-Reklame-2022-1b-1-1222x1222.png 1222w, https:\/\/threedee.dk\/wp-content\/uploads\/2022\/02\/ThreeDee-Reklame-2022-1b-1-922x922.png 922w, https:\/\/threedee.dk\/wp-content\/uploads\/2022\/02\/ThreeDee-Reklame-2022-1b-1-360x360.png 360w, https:\/\/threedee.dk\/wp-content\/uploads\/2022\/02\/ThreeDee-Reklame-2022-1b-1-600x600.png 600w, https:\/\/threedee.dk\/wp-content\/uploads\/2022\/02\/ThreeDee-Reklame-2022-1b-1-100x100.png 100w, https:\/\/threedee.dk\/wp-content\/uploads\/2022\/02\/ThreeDee-Reklame-2022-1b-1.png 1920w\" sizes=\"(max-width: 1024px) 100vw, 1024px\" \/><\/a><\/figure>\n<\/div>\n\n\n\n<div class=\"wp-block-column is-layout-flow wp-block-column-is-layout-flow\" style=\"flex-basis:50%\">\n<p style=\"font-size:14px\">\u00d8nsker du hj\u00e6lp til 3D-modellering i Blender \u2013 m\u00e5ske endda en workshop til et arrangement, s\u00e5 kontakt ThreeDee allerede i dag p\u00e5 <a href=\"mailto:kontakt@threedee.dk\">kontakt@threedee.dk<\/a>. Jeg vil gerne arbejde fuld tid som 3D-underviser, s\u00e5 hvis du driver et makerspace eller fablab, s\u00e5 vil jeg meget gerne h\u00f8re fra dig! \ud83d\ude4f<br><br><strong>3D I BLENDER SOM VALGFAG P\u00c5 DIN SKOLE<\/strong><br>Jeg underviser gerne i valgfag eller linjefag i 3D med Blender. <br>L\u00e6r at navigere i Blenders interface, l\u00e6r at arbejde med meshes i Object Mode, l\u00e6r at box-modellere objekter i Edit Mode, l\u00e6r at l\u00e6gge farver p\u00e5 dine figurer og lav din f\u00f8rste 3D-animation af et fart\u00f8j, som du selv har bygget.<br><br><\/p>\n<\/div>\n\n\n\n<div class=\"wp-block-column is-layout-flow wp-block-column-is-layout-flow\" style=\"flex-basis:25%\">\n<figure class=\"wp-block-image size-large\"><img loading=\"lazy\" decoding=\"async\" width=\"1024\" height=\"1024\" src=\"https:\/\/threedee.dk\/wp-content\/uploads\/2022\/02\/Face-Orientation-ThreeDee-07-1024x1024.jpg\" alt=\"\" class=\"wp-image-595\" srcset=\"https:\/\/threedee.dk\/wp-content\/uploads\/2022\/02\/Face-Orientation-ThreeDee-07-1024x1024.jpg 1024w, https:\/\/threedee.dk\/wp-content\/uploads\/2022\/02\/Face-Orientation-ThreeDee-07-300x300.jpg 300w, https:\/\/threedee.dk\/wp-content\/uploads\/2022\/02\/Face-Orientation-ThreeDee-07-150x150.jpg 150w, https:\/\/threedee.dk\/wp-content\/uploads\/2022\/02\/Face-Orientation-ThreeDee-07-768x768.jpg 768w, https:\/\/threedee.dk\/wp-content\/uploads\/2022\/02\/Face-Orientation-ThreeDee-07-922x922.jpg 922w, https:\/\/threedee.dk\/wp-content\/uploads\/2022\/02\/Face-Orientation-ThreeDee-07-360x360.jpg 360w, https:\/\/threedee.dk\/wp-content\/uploads\/2022\/02\/Face-Orientation-ThreeDee-07-600x600.jpg 600w, https:\/\/threedee.dk\/wp-content\/uploads\/2022\/02\/Face-Orientation-ThreeDee-07-100x100.jpg 100w, https:\/\/threedee.dk\/wp-content\/uploads\/2022\/02\/Face-Orientation-ThreeDee-07.jpg 1080w\" sizes=\"(max-width: 1024px) 100vw, 1024px\" \/><\/figure>\n<\/div>\n<\/div>\n\n\n\n<div class=\"wp-block-columns is-layout-flex wp-container-core-columns-is-layout-9d6595d7 wp-block-columns-is-layout-flex\">\n<div class=\"wp-block-column is-layout-flow wp-block-column-is-layout-flow\" style=\"flex-basis:25%\">\n<figure class=\"wp-block-image size-large\"><img loading=\"lazy\" decoding=\"async\" width=\"1024\" height=\"1024\" src=\"https:\/\/threedee.dk\/wp-content\/uploads\/2022\/02\/Vampire-ThreeDee-1024x1024.png\" alt=\"\" class=\"wp-image-594\" srcset=\"https:\/\/threedee.dk\/wp-content\/uploads\/2022\/02\/Vampire-ThreeDee-1024x1024.png 1024w, https:\/\/threedee.dk\/wp-content\/uploads\/2022\/02\/Vampire-ThreeDee-300x300.png 300w, https:\/\/threedee.dk\/wp-content\/uploads\/2022\/02\/Vampire-ThreeDee-150x150.png 150w, https:\/\/threedee.dk\/wp-content\/uploads\/2022\/02\/Vampire-ThreeDee-768x768.png 768w, https:\/\/threedee.dk\/wp-content\/uploads\/2022\/02\/Vampire-ThreeDee-922x922.png 922w, https:\/\/threedee.dk\/wp-content\/uploads\/2022\/02\/Vampire-ThreeDee-360x360.png 360w, https:\/\/threedee.dk\/wp-content\/uploads\/2022\/02\/Vampire-ThreeDee-600x600.png 600w, https:\/\/threedee.dk\/wp-content\/uploads\/2022\/02\/Vampire-ThreeDee-100x100.png 100w, https:\/\/threedee.dk\/wp-content\/uploads\/2022\/02\/Vampire-ThreeDee.png 1080w\" sizes=\"(max-width: 1024px) 100vw, 1024px\" \/><\/figure>\n<\/div>\n\n\n\n<div class=\"wp-block-column is-layout-flow wp-block-column-is-layout-flow\" style=\"flex-basis:50%\">\n<p style=\"font-size:14px\"><strong>BLENDERKURSUS FOR 1  PERSON<\/strong><br><br>Jeg er \u00e5ben over for privatundervisning i Blender ogs\u00e5. Jeg vil naturligvis helst have et godt fast arbejde, hvor jeg kan udfolde mig, men har du engagementet, s\u00e5 kommer jeg med hj\u00e6lpen.<br><br>L\u00e6r at <strong>navigere<\/strong> i 3D-programmet,<br>l\u00e6r at arbejde med figurer i <strong>Object Mode<\/strong>,<br>l\u00e6r at modellere objekter i <strong>Edit Mode<\/strong>,<br>l\u00e6r at <strong>farvel\u00e6gge<\/strong> dine figurer,<br>l\u00e6r at forme anisigter i <strong>Sculpt Mode<\/strong> og<br>pr\u00f8v at <strong>animere<\/strong> en af dine egne kreationer.<br><br><\/p>\n<\/div>\n\n\n\n<div class=\"wp-block-column is-layout-flow wp-block-column-is-layout-flow\" style=\"flex-basis:25%\">\n<figure class=\"wp-block-image size-large\"><a href=\"https:\/\/threedee.dk\/wp-content\/uploads\/2022\/02\/ThreeDee-Reklame-2022-2b-1-1024x1024.png\" target=\"_blank\" rel=\"noopener\"><img loading=\"lazy\" decoding=\"async\" width=\"1024\" height=\"1024\" src=\"https:\/\/threedee.dk\/wp-content\/uploads\/2022\/02\/ThreeDee-Reklame-2022-2b-1-1024x1024.png\" alt=\"\" class=\"wp-image-825\" srcset=\"https:\/\/threedee.dk\/wp-content\/uploads\/2022\/02\/ThreeDee-Reklame-2022-2b-1-1024x1024.png 1024w, https:\/\/threedee.dk\/wp-content\/uploads\/2022\/02\/ThreeDee-Reklame-2022-2b-1-300x300.png 300w, https:\/\/threedee.dk\/wp-content\/uploads\/2022\/02\/ThreeDee-Reklame-2022-2b-1-150x150.png 150w, https:\/\/threedee.dk\/wp-content\/uploads\/2022\/02\/ThreeDee-Reklame-2022-2b-1-768x768.png 768w, https:\/\/threedee.dk\/wp-content\/uploads\/2022\/02\/ThreeDee-Reklame-2022-2b-1-1536x1536.png 1536w, https:\/\/threedee.dk\/wp-content\/uploads\/2022\/02\/ThreeDee-Reklame-2022-2b-1-1222x1222.png 1222w, https:\/\/threedee.dk\/wp-content\/uploads\/2022\/02\/ThreeDee-Reklame-2022-2b-1-922x922.png 922w, https:\/\/threedee.dk\/wp-content\/uploads\/2022\/02\/ThreeDee-Reklame-2022-2b-1-360x360.png 360w, https:\/\/threedee.dk\/wp-content\/uploads\/2022\/02\/ThreeDee-Reklame-2022-2b-1-600x600.png 600w, https:\/\/threedee.dk\/wp-content\/uploads\/2022\/02\/ThreeDee-Reklame-2022-2b-1-100x100.png 100w, https:\/\/threedee.dk\/wp-content\/uploads\/2022\/02\/ThreeDee-Reklame-2022-2b-1.png 1920w\" sizes=\"(max-width: 1024px) 100vw, 1024px\" \/><\/a><\/figure>\n<\/div>\n<\/div>\n\n\n\n<div class=\"wp-block-columns is-layout-flex wp-container-core-columns-is-layout-9d6595d7 wp-block-columns-is-layout-flex\">\n<div class=\"wp-block-column is-layout-flow wp-block-column-is-layout-flow\" style=\"flex-basis:25%\">\n<figure class=\"wp-block-image size-full\"><img loading=\"lazy\" decoding=\"async\" width=\"1024\" height=\"1024\" src=\"https:\/\/threedee.dk\/wp-content\/uploads\/2022\/02\/124186823_385501535826888_3946499564803447627_n-1024x1024-1.png\" alt=\"\" class=\"wp-image-816\" srcset=\"https:\/\/threedee.dk\/wp-content\/uploads\/2022\/02\/124186823_385501535826888_3946499564803447627_n-1024x1024-1.png 1024w, https:\/\/threedee.dk\/wp-content\/uploads\/2022\/02\/124186823_385501535826888_3946499564803447627_n-1024x1024-1-300x300.png 300w, https:\/\/threedee.dk\/wp-content\/uploads\/2022\/02\/124186823_385501535826888_3946499564803447627_n-1024x1024-1-150x150.png 150w, https:\/\/threedee.dk\/wp-content\/uploads\/2022\/02\/124186823_385501535826888_3946499564803447627_n-1024x1024-1-768x768.png 768w, https:\/\/threedee.dk\/wp-content\/uploads\/2022\/02\/124186823_385501535826888_3946499564803447627_n-1024x1024-1-922x922.png 922w, https:\/\/threedee.dk\/wp-content\/uploads\/2022\/02\/124186823_385501535826888_3946499564803447627_n-1024x1024-1-360x360.png 360w, https:\/\/threedee.dk\/wp-content\/uploads\/2022\/02\/124186823_385501535826888_3946499564803447627_n-1024x1024-1-600x600.png 600w, https:\/\/threedee.dk\/wp-content\/uploads\/2022\/02\/124186823_385501535826888_3946499564803447627_n-1024x1024-1-100x100.png 100w\" sizes=\"(max-width: 1024px) 100vw, 1024px\" \/><\/figure>\n<\/div>\n\n\n\n<div class=\"wp-block-column is-layout-flow wp-block-column-is-layout-flow\" style=\"flex-basis:50%\">\n<p style=\"font-size:14px\"><strong>3D-PRINTER SUPPORT<\/strong><br><br>Jeg har god erfaring med b\u00e5de Prusa og Crealitys 3D-printere.<br>Is\u00e6r Crealitys printere ligger mit gode gamle 3D-hjerte n\u00e6rt. <br>Ender 3 Pro (version 2), Creality CR-6 SE og Creality K1C er fantastiske maskiner! <br><br>Har du brug for printersupport til din virksomheds makerspace-v\u00e6rksted, s\u00e5 skynd dig at kontakte mig. <br><br>Jeg vil hellere end gerne hyres ind til at yde 3D-printer support med mere  \ud83d\ude09<br><br><br><br><\/p>\n<\/div>\n\n\n\n<div class=\"wp-block-column is-layout-flow wp-block-column-is-layout-flow\" style=\"flex-basis:25%\">\n<figure class=\"wp-block-image size-full\"><img loading=\"lazy\" decoding=\"async\" width=\"1024\" height=\"1024\" src=\"https:\/\/threedee.dk\/wp-content\/uploads\/2022\/02\/124219434_367774467863357_8143930624349892570_n-1024x1024-1-1.png\" alt=\"\" class=\"wp-image-821\" srcset=\"https:\/\/threedee.dk\/wp-content\/uploads\/2022\/02\/124219434_367774467863357_8143930624349892570_n-1024x1024-1-1.png 1024w, https:\/\/threedee.dk\/wp-content\/uploads\/2022\/02\/124219434_367774467863357_8143930624349892570_n-1024x1024-1-1-300x300.png 300w, https:\/\/threedee.dk\/wp-content\/uploads\/2022\/02\/124219434_367774467863357_8143930624349892570_n-1024x1024-1-1-150x150.png 150w, https:\/\/threedee.dk\/wp-content\/uploads\/2022\/02\/124219434_367774467863357_8143930624349892570_n-1024x1024-1-1-768x768.png 768w, https:\/\/threedee.dk\/wp-content\/uploads\/2022\/02\/124219434_367774467863357_8143930624349892570_n-1024x1024-1-1-922x922.png 922w, https:\/\/threedee.dk\/wp-content\/uploads\/2022\/02\/124219434_367774467863357_8143930624349892570_n-1024x1024-1-1-360x360.png 360w, https:\/\/threedee.dk\/wp-content\/uploads\/2022\/02\/124219434_367774467863357_8143930624349892570_n-1024x1024-1-1-600x600.png 600w, https:\/\/threedee.dk\/wp-content\/uploads\/2022\/02\/124219434_367774467863357_8143930624349892570_n-1024x1024-1-1-100x100.png 100w\" sizes=\"(max-width: 1024px) 100vw, 1024px\" \/><\/figure>\n<\/div>\n<\/div>\n\n\n\n<p><\/p>\n","protected":false},"excerpt":{"rendered":"<p>\u00d8nsker du hj\u00e6lp til 3D-modellering i Blender \u2013 m\u00e5ske endda en workshop til et arrangement, s\u00e5 kontakt ThreeDee allerede i dag p\u00e5 kontakt@threedee.dk. Jeg vil gerne arbejde fuld tid som 3D-underviser, s\u00e5 hvis du driver et makerspace eller fablab, s\u00e5 vil jeg meget gerne h\u00f8re fra dig! \ud83d\ude4f 3D I BLENDER SOM VALGFAG P\u00c5 DIN [&hellip;]<\/p>\n","protected":false},"author":1,"featured_media":0,"parent":0,"menu_order":0,"comment_status":"closed","ping_status":"closed","template":"template-full-width-page.php","meta":{"saved_in_kubio":false,"footnotes":""},"class_list":["post-480","page","type-page","status-publish","hentry"],"kubio_ai_page_context":{"short_desc":"","purpose":"general"},"_links":{"self":[{"href":"https:\/\/threedee.dk\/index.php?rest_route=\/wp\/v2\/pages\/480","targetHints":{"allow":["GET"]}}],"collection":[{"href":"https:\/\/threedee.dk\/index.php?rest_route=\/wp\/v2\/pages"}],"about":[{"href":"https:\/\/threedee.dk\/index.php?rest_route=\/wp\/v2\/types\/page"}],"author":[{"embeddable":true,"href":"https:\/\/threedee.dk\/index.php?rest_route=\/wp\/v2\/users\/1"}],"replies":[{"embeddable":true,"href":"https:\/\/threedee.dk\/index.php?rest_route=%2Fwp%2Fv2%2Fcomments&post=480"}],"version-history":[{"count":91,"href":"https:\/\/threedee.dk\/index.php?rest_route=\/wp\/v2\/pages\/480\/revisions"}],"predecessor-version":[{"id":1052,"href":"https:\/\/threedee.dk\/index.php?rest_route=\/wp\/v2\/pages\/480\/revisions\/1052"}],"wp:attachment":[{"href":"https:\/\/threedee.dk\/index.php?rest_route=%2Fwp%2Fv2%2Fmedia&parent=480"}],"curies":[{"name":"wp","href":"https:\/\/api.w.org\/{rel}","templated":true}]}}